{"id":1246,"date":"2016-06-16T10:06:46","date_gmt":"2016-06-16T10:06:46","guid":{"rendered":"http:\/\/www.polimskimuzej.me\/en\/lapidarna-zbirka\/"},"modified":"2016-06-21T08:30:34","modified_gmt":"2016-06-21T08:30:34","slug":"lapidary-collection","status":"publish","type":"page","link":"https:\/\/www.polimskimuzej.me\/en\/lapidary-collection\/","title":{"rendered":"Lapidary Collection"},"content":{"rendered":"<p>Some earlier researchers of antiquities pointed to the existence of interesting epigraphic monuments and antique architectural plastic in the wider area of Berane. When writing, for magazine Lov\u0107enski odjek, about his work on clearing the land on which were the remains of the \u0160udikova Monastery, Du\u0161an Vuksan noted that he encountered large square stone block on which some strange signs were carved.<br \/>\nWhen building the road Berane \u2013 Andrijevica, in 1930, in the village of Zabrdje, a roman tombstone was found. N. Vuli\u0107 wrote about it in 1931, as well as of the monument from the village of Lu\u017eac.<br \/>\nAfter forming the Museum of Polimlje in Berane, in 1955, the systematic collection of Roman architectural plastic and Roman tombstones began. Those are museum objects related to the architecture of a certain period of time and the way of burrying and unique marking of graves. Tombstones are the work of the local artisans who kept their authenticity and integrity of the presentations on the stone.<br \/>\nCollection consists of 11 items in total.<\/p>\n<div class=\"tiled-gallery type-rectangular tiled-gallery-unresized\" data-original-width=\"1170\" data-carousel-extra='null' itemscope itemtype=\"http:\/\/schema.org\/ImageGallery\" > <div class=\"gallery-row\" style=\"width: 1170px; height: 585px;\" data-original-width=\"1170\" data-original-height=\"585\" > <div class=\"gallery-group images-2\" style=\"width: 293px; height: 585px;\" data-original-width=\"293\" data-original-height=\"585\" > <div class=\"tiled-gallery-item tiled-gallery-item-large\" itemprop=\"associatedMedia\" itemscope itemtype=\"http:\/\/schema.org\/ImageObject\"> <a href=\"https:\/\/www.polimskimuzej.me\/en\/lapidary-collection\/pentax-k-5-07-04-16-10-47-33-2\/\" border=\"0\" itemprop=\"url\"> <meta itemprop=\"width\" content=\"289\"> <meta itemprop=\"height\" content=\"289\"> <img decoding=\"async\" class=\"\" data-attachment-id=\"1095\" data-orig-file=\"https:\/\/www.polimskimuzej.me\/wp-content\/uploads\/2016\/06\/PENTAX-K-5-07.04.16-10-47-33.jpg\" data-orig-size=\",\" data-comments-opened=\"1\" data-image-meta=\"[]\" data-image-title=\"Lapidarium\" data-image-description=\"\" data-medium-file=\"https:\/\/i0.wp.com\/www.polimskimuzej.me\/wp-content\/uploads\/2016\/06\/PENTAX-K-5-07.04.16-10-47-33.jpg?fit=300%2C300&#038;ssl=1\" data-large-file=\"https:\/\/i0.wp.com\/www.polimskimuzej.me\/wp-content\/uploads\/2016\/06\/PENTAX-K-5-07.04.16-10-47-33.jpg?fit=1024%2C1024&#038;ssl=1\" src=\"https:\/\/i0.wp.com\/www.polimskimuzej.me\/wp-content\/uploads\/2016\/06\/PENTAX-K-5-07.04.16-10-47-33.jpg?w=289&#038;h=289&#038;crop=1&#038;ssl=1\" width=\"289\" height=\"289\" loading=\"lazy\" data-original-width=\"289\" data-original-height=\"289\" itemprop=\"http:\/\/schema.org\/image\" title=\"Lapidarium\" alt=\"Lapidarium\" style=\"width: 289px; height: 289px;\" \/> <\/a> <\/div> <div class=\"tiled-gallery-item tiled-gallery-item-large\" itemprop=\"associatedMedia\" itemscope itemtype=\"http:\/\/schema.org\/ImageObject\"> <a href=\"https:\/\/www.polimskimuzej.me\/en\/lapidary-collection\/pentax-k-5-07-04-16-10-49-25-2\/\" border=\"0\" itemprop=\"url\"> <meta itemprop=\"width\" content=\"289\"> <meta itemprop=\"height\" content=\"288\"> <img decoding=\"async\" class=\"\" data-attachment-id=\"1096\" data-orig-file=\"https:\/\/www.polimskimuzej.me\/wp-content\/uploads\/2016\/06\/PENTAX-K-5-07.04.16-10-49-25.jpg\" data-orig-size=\",\" data-comments-opened=\"1\" data-image-meta=\"[]\" data-image-title=\"Lapidarium\" data-image-description=\"\" data-medium-file=\"https:\/\/i0.wp.com\/www.polimskimuzej.me\/wp-content\/uploads\/2016\/06\/PENTAX-K-5-07.04.16-10-49-25.jpg?fit=300%2C300&#038;ssl=1\" data-large-file=\"https:\/\/i0.wp.com\/www.polimskimuzej.me\/wp-content\/uploads\/2016\/06\/PENTAX-K-5-07.04.16-10-49-25.jpg?fit=1024%2C1024&#038;ssl=1\" src=\"https:\/\/i0.wp.com\/www.polimskimuzej.me\/wp-content\/uploads\/2016\/06\/PENTAX-K-5-07.04.16-10-49-25.jpg?w=289&#038;h=288&#038;ssl=1\" width=\"289\" height=\"288\" loading=\"lazy\" data-original-width=\"289\" data-original-height=\"288\" itemprop=\"http:\/\/schema.org\/image\" title=\"Lapidarium\" alt=\"Lapidarium\" style=\"width: 289px; height: 288px;\" \/> <\/a> <\/div> <\/div> <!-- close group --> <div class=\"gallery-group images-2\" style=\"width: 292px; height: 585px;\" data-original-width=\"292\" data-original-height=\"585\" > <div class=\"tiled-gallery-item tiled-gallery-item-large\" itemprop=\"associatedMedia\" itemscope itemtype=\"http:\/\/schema.org\/ImageObject\"> <a href=\"https:\/\/www.polimskimuzej.me\/en\/lapidary-collection\/pentax-k-5-07-04-16-10-49-43-2\/\" border=\"0\" itemprop=\"url\"> <meta itemprop=\"width\" content=\"288\"> <meta itemprop=\"height\" content=\"289\"> <img decoding=\"async\" class=\"\" data-attachment-id=\"1097\" data-orig-file=\"https:\/\/www.polimskimuzej.me\/wp-content\/uploads\/2016\/06\/PENTAX-K-5-07.04.16-10-49-43.jpg\" data-orig-size=\",\" data-comments-opened=\"1\" data-image-meta=\"[]\" data-image-title=\"Lapidarium\" data-image-description=\"\" data-medium-file=\"https:\/\/i0.wp.com\/www.polimskimuzej.me\/wp-content\/uploads\/2016\/06\/PENTAX-K-5-07.04.16-10-49-43.jpg?fit=300%2C300&#038;ssl=1\" data-large-file=\"https:\/\/i0.wp.com\/www.polimskimuzej.me\/wp-content\/uploads\/2016\/06\/PENTAX-K-5-07.04.16-10-49-43.jpg?fit=1024%2C1024&#038;ssl=1\" src=\"https:\/\/i0.wp.com\/www.polimskimuzej.me\/wp-content\/uploads\/2016\/06\/PENTAX-K-5-07.04.16-10-49-43.jpg?w=288&#038;h=289&#038;ssl=1\" width=\"288\" height=\"289\" loading=\"lazy\" data-original-width=\"288\" data-original-height=\"289\" itemprop=\"http:\/\/schema.org\/image\" title=\"Lapidarium\" alt=\"Lapidarium\" style=\"width: 288px; height: 289px;\" \/> <\/a> <\/div> <div class=\"tiled-gallery-item tiled-gallery-item-large\" itemprop=\"associatedMedia\" itemscope itemtype=\"http:\/\/schema.org\/ImageObject\"> <a href=\"https:\/\/www.polimskimuzej.me\/en\/lapidary-collection\/pentax-k-5-07-04-16-10-49-46-2\/\" border=\"0\" itemprop=\"url\"> <meta itemprop=\"width\" content=\"288\"> <meta itemprop=\"height\" content=\"288\"> <img decoding=\"async\" class=\"\" data-attachment-id=\"1098\" data-orig-file=\"https:\/\/www.polimskimuzej.me\/wp-content\/uploads\/2016\/06\/PENTAX-K-5-07.04.16-10-49-46.jpg\" data-orig-size=\",\" data-comments-opened=\"1\" data-image-meta=\"[]\" data-image-title=\"Lapidarium\" data-image-description=\"\" data-medium-file=\"https:\/\/i0.wp.com\/www.polimskimuzej.me\/wp-content\/uploads\/2016\/06\/PENTAX-K-5-07.04.16-10-49-46.jpg?fit=300%2C300&#038;ssl=1\" data-large-file=\"https:\/\/i0.wp.com\/www.polimskimuzej.me\/wp-content\/uploads\/2016\/06\/PENTAX-K-5-07.04.16-10-49-46.jpg?fit=1024%2C1024&#038;ssl=1\" src=\"https:\/\/i0.wp.com\/www.polimskimuzej.me\/wp-content\/uploads\/2016\/06\/PENTAX-K-5-07.04.16-10-49-46.jpg?w=288&#038;h=288&#038;crop=1&#038;ssl=1\" width=\"288\" height=\"288\" loading=\"lazy\" data-original-width=\"288\" data-original-height=\"288\" itemprop=\"http:\/\/schema.org\/image\" title=\"Lapidarium\" alt=\"Lapidarium\" style=\"width: 288px; height: 288px;\" \/> <\/a> <\/div> <\/div> <!-- close group --> <div class=\"gallery-group images-1\" style=\"width: 585px; height: 585px;\" data-original-width=\"585\" data-original-height=\"585\" > <div class=\"tiled-gallery-item tiled-gallery-item-large\" itemprop=\"associatedMedia\" itemscope itemtype=\"http:\/\/schema.org\/ImageObject\"> <a href=\"https:\/\/www.polimskimuzej.me\/en\/lapidary-collection\/pentax-k-5-07-04-16-10-51-55-2\/\" border=\"0\" itemprop=\"url\"> <meta itemprop=\"width\" content=\"581\"> <meta itemprop=\"height\" content=\"581\"> <img decoding=\"async\" class=\"\" data-attachment-id=\"1099\" data-orig-file=\"https:\/\/www.polimskimuzej.me\/wp-content\/uploads\/2016\/06\/PENTAX-K-5-07.04.16-10-51-55.jpg\" data-orig-size=\",\" data-comments-opened=\"1\" data-image-meta=\"[]\" data-image-title=\"Lapidarium\" data-image-description=\"\" data-medium-file=\"https:\/\/i0.wp.com\/www.polimskimuzej.me\/wp-content\/uploads\/2016\/06\/PENTAX-K-5-07.04.16-10-51-55.jpg?fit=300%2C300&#038;ssl=1\" data-large-file=\"https:\/\/i0.wp.com\/www.polimskimuzej.me\/wp-content\/uploads\/2016\/06\/PENTAX-K-5-07.04.16-10-51-55.jpg?fit=1024%2C1024&#038;ssl=1\" src=\"https:\/\/i0.wp.com\/www.polimskimuzej.me\/wp-content\/uploads\/2016\/06\/PENTAX-K-5-07.04.16-10-51-55.jpg?w=581&#038;h=581&#038;crop=1&#038;ssl=1\" width=\"581\" height=\"581\" loading=\"lazy\" data-original-width=\"581\" data-original-height=\"581\" itemprop=\"http:\/\/schema.org\/image\" title=\"Lapidarium\" alt=\"Lapidarium\" style=\"width: 581px; height: 581px;\" \/> <\/a> <\/div> <\/div> <!-- close group --> <\/div> <!-- close row --> <\/div>\n","protected":false},"excerpt":{"rendered":"<p>Some earlier researchers of antiquities pointed to the existence of interesting epigraphic monuments and antique architectural plastic in the wider area of [&hellip;]<\/p>\n","protected":false},"author":1,"featured_media":0,"parent":0,"menu_order":0,"comment_status":"closed","ping_status":"closed","template":"","meta":{"footnotes":""},"categories":[],"tags":[],"class_list":["post-1246","page","type-page","status-publish","hentry"],"yoast_head":"<!-- This site is optimized with the Yoast SEO plugin v27.4 - https:\/\/yoast.com\/product\/yoast-seo-wordpress\/ -->\n<title>Lapidary Collection - POLIMSKI MUZEJ<\/title>\n<meta name=\"robots\" content=\"index, follow, max-snippet:-1, max-image-preview:large, max-video-preview:-1\" \/>\n<link rel=\"canonical\" href=\"https:\/\/www.polimskimuzej.me\/lapidarna-zbirka\/\" \/>\n<meta property=\"og:locale\" content=\"en_US\" \/>\n<meta property=\"og:type\" content=\"article\" \/>\n<meta property=\"og:title\" content=\"Lapidary Collection - POLIMSKI MUZEJ\" \/>\n<meta property=\"og:description\" content=\"Some earlier researchers of antiquities pointed to the existence of interesting epigraphic monuments and antique architectural plastic in the wider area of [&hellip;]\" \/>\n<meta property=\"og:url\" content=\"https:\/\/www.polimskimuzej.me\/lapidarna-zbirka\/\" \/>\n<meta property=\"og:site_name\" content=\"POLIMSKI MUZEJ\" \/>\n<meta property=\"article:publisher\" content=\"https:\/\/www.facebook.com\/polimuzej\/\" \/>\n<meta property=\"article:modified_time\" content=\"2016-06-21T08:30:34+00:00\" \/>\n<meta property=\"og:image\" content=\"https:\/\/i0.wp.com\/www.polimskimuzej.me\/wp-content\/uploads\/2016\/06\/PENTAX-K-5-07.04.16-10-47-33.jpg?w=201&#038;h=214&#038;ssl=1\" \/>\n<meta name=\"twitter:card\" content=\"summary_large_image\" \/>\n<meta name=\"twitter:label1\" content=\"Est. reading time\" \/>\n\t<meta name=\"twitter:data1\" content=\"1 minute\" \/>\n<script type=\"application\/ld+json\" class=\"yoast-schema-graph\">{\"@context\":\"https:\\\/\\\/schema.org\",\"@graph\":[{\"@type\":\"WebPage\",\"@id\":\"https:\\\/\\\/www.polimskimuzej.me\\\/lapidarna-zbirka\\\/\",\"url\":\"https:\\\/\\\/www.polimskimuzej.me\\\/lapidarna-zbirka\\\/\",\"name\":\"Lapidary Collection - POLIMSKI MUZEJ\",\"isPartOf\":{\"@id\":\"https:\\\/\\\/www.polimskimuzej.me\\\/#website\"},\"datePublished\":\"2016-06-16T10:06:46+00:00\",\"dateModified\":\"2016-06-21T08:30:34+00:00\",\"breadcrumb\":{\"@id\":\"https:\\\/\\\/www.polimskimuzej.me\\\/lapidarna-zbirka\\\/#breadcrumb\"},\"inLanguage\":\"en-US\",\"potentialAction\":[{\"@type\":\"ReadAction\",\"target\":[\"https:\\\/\\\/www.polimskimuzej.me\\\/lapidarna-zbirka\\\/\"]}]},{\"@type\":\"BreadcrumbList\",\"@id\":\"https:\\\/\\\/www.polimskimuzej.me\\\/lapidarna-zbirka\\\/#breadcrumb\",\"itemListElement\":[{\"@type\":\"ListItem\",\"position\":1,\"name\":\"Home\",\"item\":\"https:\\\/\\\/www.polimskimuzej.me\\\/en\\\/\"},{\"@type\":\"ListItem\",\"position\":2,\"name\":\"Lapidary Collection\"}]},{\"@type\":\"WebSite\",\"@id\":\"https:\\\/\\\/www.polimskimuzej.me\\\/#website\",\"url\":\"https:\\\/\\\/www.polimskimuzej.me\\\/\",\"name\":\"POLIMSKI MUZEJ\",\"description\":\"B E R A N E\",\"publisher\":{\"@id\":\"https:\\\/\\\/www.polimskimuzej.me\\\/#organization\"},\"potentialAction\":[{\"@type\":\"SearchAction\",\"target\":{\"@type\":\"EntryPoint\",\"urlTemplate\":\"https:\\\/\\\/www.polimskimuzej.me\\\/?s={search_term_string}\"},\"query-input\":{\"@type\":\"PropertyValueSpecification\",\"valueRequired\":true,\"valueName\":\"search_term_string\"}}],\"inLanguage\":\"en-US\"},{\"@type\":\"Organization\",\"@id\":\"https:\\\/\\\/www.polimskimuzej.me\\\/#organization\",\"name\":\"Polimski muzej\",\"url\":\"https:\\\/\\\/www.polimskimuzej.me\\\/\",\"logo\":{\"@type\":\"ImageObject\",\"inLanguage\":\"en-US\",\"@id\":\"https:\\\/\\\/www.polimskimuzej.me\\\/#\\\/schema\\\/logo\\\/image\\\/\",\"url\":\"https:\\\/\\\/i0.wp.com\\\/www.polimskimuzej.me\\\/wp-content\\\/uploads\\\/2025\\\/03\\\/cropped-logo-png-transparent.png?fit=512%2C512&ssl=1\",\"contentUrl\":\"https:\\\/\\\/i0.wp.com\\\/www.polimskimuzej.me\\\/wp-content\\\/uploads\\\/2025\\\/03\\\/cropped-logo-png-transparent.png?fit=512%2C512&ssl=1\",\"width\":512,\"height\":512,\"caption\":\"Polimski muzej\"},\"image\":{\"@id\":\"https:\\\/\\\/www.polimskimuzej.me\\\/#\\\/schema\\\/logo\\\/image\\\/\"},\"sameAs\":[\"https:\\\/\\\/www.facebook.com\\\/polimuzej\\\/\",\"https:\\\/\\\/www.youtube.com\\\/channel\\\/UCvMNdT-DJo93h1HiT_IGgOA\"]}]}<\/script>\n<!-- \/ Yoast SEO plugin. -->","yoast_head_json":{"title":"Lapidary Collection - POLIMSKI MUZEJ","robots":{"index":"index","follow":"follow","max-snippet":"max-snippet:-1","max-image-preview":"max-image-preview:large","max-video-preview":"max-video-preview:-1"},"canonical":"https:\/\/www.polimskimuzej.me\/lapidarna-zbirka\/","og_locale":"en_US","og_type":"article","og_title":"Lapidary Collection - POLIMSKI MUZEJ","og_description":"Some earlier researchers of antiquities pointed to the existence of interesting epigraphic monuments and antique architectural plastic in the wider area of [&hellip;]","og_url":"https:\/\/www.polimskimuzej.me\/lapidarna-zbirka\/","og_site_name":"POLIMSKI MUZEJ","article_publisher":"https:\/\/www.facebook.com\/polimuzej\/","article_modified_time":"2016-06-21T08:30:34+00:00","og_image":[{"url":"https:\/\/i0.wp.com\/www.polimskimuzej.me\/wp-content\/uploads\/2016\/06\/PENTAX-K-5-07.04.16-10-47-33.jpg?w=201&#038;h=214&#038;ssl=1","type":"","width":"","height":""}],"twitter_card":"summary_large_image","twitter_misc":{"Est. reading time":"1 minute"},"schema":{"@context":"https:\/\/schema.org","@graph":[{"@type":"WebPage","@id":"https:\/\/www.polimskimuzej.me\/lapidarna-zbirka\/","url":"https:\/\/www.polimskimuzej.me\/lapidarna-zbirka\/","name":"Lapidary Collection - POLIMSKI MUZEJ","isPartOf":{"@id":"https:\/\/www.polimskimuzej.me\/#website"},"datePublished":"2016-06-16T10:06:46+00:00","dateModified":"2016-06-21T08:30:34+00:00","breadcrumb":{"@id":"https:\/\/www.polimskimuzej.me\/lapidarna-zbirka\/#breadcrumb"},"inLanguage":"en-US","potentialAction":[{"@type":"ReadAction","target":["https:\/\/www.polimskimuzej.me\/lapidarna-zbirka\/"]}]},{"@type":"BreadcrumbList","@id":"https:\/\/www.polimskimuzej.me\/lapidarna-zbirka\/#breadcrumb","itemListElement":[{"@type":"ListItem","position":1,"name":"Home","item":"https:\/\/www.polimskimuzej.me\/en\/"},{"@type":"ListItem","position":2,"name":"Lapidary Collection"}]},{"@type":"WebSite","@id":"https:\/\/www.polimskimuzej.me\/#website","url":"https:\/\/www.polimskimuzej.me\/","name":"POLIMSKI MUZEJ","description":"B E R A N E","publisher":{"@id":"https:\/\/www.polimskimuzej.me\/#organization"},"potentialAction":[{"@type":"SearchAction","target":{"@type":"EntryPoint","urlTemplate":"https:\/\/www.polimskimuzej.me\/?s={search_term_string}"},"query-input":{"@type":"PropertyValueSpecification","valueRequired":true,"valueName":"search_term_string"}}],"inLanguage":"en-US"},{"@type":"Organization","@id":"https:\/\/www.polimskimuzej.me\/#organization","name":"Polimski muzej","url":"https:\/\/www.polimskimuzej.me\/","logo":{"@type":"ImageObject","inLanguage":"en-US","@id":"https:\/\/www.polimskimuzej.me\/#\/schema\/logo\/image\/","url":"https:\/\/i0.wp.com\/www.polimskimuzej.me\/wp-content\/uploads\/2025\/03\/cropped-logo-png-transparent.png?fit=512%2C512&ssl=1","contentUrl":"https:\/\/i0.wp.com\/www.polimskimuzej.me\/wp-content\/uploads\/2025\/03\/cropped-logo-png-transparent.png?fit=512%2C512&ssl=1","width":512,"height":512,"caption":"Polimski muzej"},"image":{"@id":"https:\/\/www.polimskimuzej.me\/#\/schema\/logo\/image\/"},"sameAs":["https:\/\/www.facebook.com\/polimuzej\/","https:\/\/www.youtube.com\/channel\/UCvMNdT-DJo93h1HiT_IGgOA"]}]}},"jetpack_shortlink":"https:\/\/wp.me\/P76XhL-k6","jetpack-related-posts":[],"jetpack_sharing_enabled":true,"_links":{"self":[{"href":"https:\/\/www.polimskimuzej.me\/en\/wp-json\/wp\/v2\/pages\/1246","targetHints":{"allow":["GET"]}}],"collection":[{"href":"https:\/\/www.polimskimuzej.me\/en\/wp-json\/wp\/v2\/pages"}],"about":[{"href":"https:\/\/www.polimskimuzej.me\/en\/wp-json\/wp\/v2\/types\/page"}],"author":[{"embeddable":true,"href":"https:\/\/www.polimskimuzej.me\/en\/wp-json\/wp\/v2\/users\/1"}],"replies":[{"embeddable":true,"href":"https:\/\/www.polimskimuzej.me\/en\/wp-json\/wp\/v2\/comments?post=1246"}],"version-history":[{"count":0,"href":"https:\/\/www.polimskimuzej.me\/en\/wp-json\/wp\/v2\/pages\/1246\/revisions"}],"wp:attachment":[{"href":"https:\/\/www.polimskimuzej.me\/en\/wp-json\/wp\/v2\/media?parent=1246"}],"wp:term":[{"taxonomy":"category","embeddable":true,"href":"https:\/\/www.polimskimuzej.me\/en\/wp-json\/wp\/v2\/categories?post=1246"},{"taxonomy":"post_tag","embeddable":true,"href":"https:\/\/www.polimskimuzej.me\/en\/wp-json\/wp\/v2\/tags?post=1246"}],"curies":[{"name":"wp","href":"https:\/\/api.w.org\/{rel}","templated":true}]}}